{"id":6775,"date":"2025-10-14T19:04:46","date_gmt":"2025-10-14T19:04:46","guid":{"rendered":"https:\/\/rapifarma.shop\/?post_type=product&#038;p=6775"},"modified":"2025-10-26T17:51:37","modified_gmt":"2025-10-26T17:51:37","slug":"messeldazol","status":"publish","type":"product","link":"https:\/\/rapifarma.shop\/en\/product\/messeldazol\/","title":{"rendered":"Messeldazol (Metronidazol)"},"content":{"rendered":"<p><strong data-start=\"0\" data-end=\"37\" data-is-only-node=\"\">Messeldazol (Metronidazol 500 mg)<\/strong><br data-start=\"37\" data-end=\"40\" \/>Antibi\u00f3tico en <strong data-start=\"55\" data-end=\"79\">caja con 30 tabletas<\/strong> indicado para tratar infecciones bacterianas y parasitarias del tracto gastrointestinal, piel, boca o sistema reproductor. Ayuda a eliminar microorganismos sensibles al metronidazol, aliviando s\u00edntomas como inflamaci\u00f3n o malestar. Recomendado bajo prescripci\u00f3n m\u00e9dica para asegurar un tratamiento eficaz y seguro.<\/p>","protected":false},"excerpt":{"rendered":"<ul>\n<li><strong>30 Tabletas<\/strong><\/li>\n<li>Metronidazol 500 mg<\/li>\n<li>Laboratorios BIOMEP<\/li>\n<li>Fecha de Vencimiento: Julio 2027<\/li>\n<\/ul>","protected":false},"featured_media":7434,"comment_status":"open","ping_status":"closed","template":"","meta":[],"product_brand":[],"product_cat":[66],"product_tag":[],"class_list":{"0":"post-6775","1":"product","2":"type-product","3":"status-publish","4":"has-post-thumbnail","6":"product_cat-tabletas-y-capsulas","8":"first","9":"instock","10":"sale","11":"shipping-taxable","12":"purchasable","13":"product-type-simple"},"_links":{"self":[{"href":"https:\/\/rapifarma.shop\/en\/wp-json\/wp\/v2\/product\/6775","targetHints":{"allow":["GET"]}}],"collection":[{"href":"https:\/\/rapifarma.shop\/en\/wp-json\/wp\/v2\/product"}],"about":[{"href":"https:\/\/rapifarma.shop\/en\/wp-json\/wp\/v2\/types\/product"}],"replies":[{"embeddable":true,"href":"https:\/\/rapifarma.shop\/en\/wp-json\/wp\/v2\/comments?post=6775"}],"wp:featuredmedia":[{"embeddable":true,"href":"https:\/\/rapifarma.shop\/en\/wp-json\/wp\/v2\/media\/7434"}],"wp:attachment":[{"href":"https:\/\/rapifarma.shop\/en\/wp-json\/wp\/v2\/media?parent=6775"}],"wp:term":[{"taxonomy":"product_brand","embeddable":true,"href":"https:\/\/rapifarma.shop\/en\/wp-json\/wp\/v2\/product_brand?post=6775"},{"taxonomy":"product_cat","embeddable":true,"href":"https:\/\/rapifarma.shop\/en\/wp-json\/wp\/v2\/product_cat?post=6775"},{"taxonomy":"product_tag","embeddable":true,"href":"https:\/\/rapifarma.shop\/en\/wp-json\/wp\/v2\/product_tag?post=6775"}],"curies":[{"name":"wp","href":"https:\/\/api.w.org\/{rel}","templated":true}]}}