{"id":6771,"date":"2025-10-14T18:30:29","date_gmt":"2025-10-14T18:30:29","guid":{"rendered":"https:\/\/rapifarma.shop\/?post_type=product&#038;p=6771"},"modified":"2025-10-26T15:03:23","modified_gmt":"2025-10-26T15:03:23","slug":"zebetyn-gel","status":"publish","type":"product","link":"https:\/\/rapifarma.shop\/en\/product\/zebetyn-gel\/","title":{"rendered":"ZeBetyn Gel (Complejo B)"},"content":{"rendered":"<p><strong data-start=\"0\" data-end=\"56\" data-is-only-node=\"\">ZeBetyn Gel (Tiamina \/ Piridoxina \/ Cianocobalamina)<\/strong><br data-start=\"56\" data-end=\"59\" \/>Suplemento vitam\u00ednico en <strong data-start=\"84\" data-end=\"129\">caja con 30 c\u00e1psulas en envase de burbuja<\/strong>, formulado con vitaminas del complejo B que fortalecen el sistema nervioso y ayudan al buen funcionamiento muscular. Contribuye a reducir la fatiga, el estr\u00e9s y el entumecimiento, favoreciendo la energ\u00eda y el bienestar general del organismo. Ideal como apoyo en periodos de agotamiento f\u00edsico o mental y recuperaci\u00f3n nutricional.<\/p>","protected":false},"excerpt":{"rendered":"<ul>\n<li><strong>30 Capsulas<\/strong><\/li>\n<li>Mononitrato de Tiamina (Vitamina B1) 100.0 mg<\/li>\n<li>Clorhidrato de Piridoxina (Vitamina B6)\u00a0 5.0 mg<\/li>\n<li>Cianocobalamina (Vitamina B12) 50 \u00b5g<\/li>\n<li>Laboratorios GEL PHARMA<\/li>\n<li>Fecha de Vencimiento: Abril 2027<\/li>\n<\/ul>","protected":false},"featured_media":7323,"comment_status":"open","ping_status":"closed","template":"","meta":[],"product_brand":[],"product_cat":[66,67],"product_tag":[],"class_list":{"0":"post-6771","1":"product","2":"type-product","3":"status-publish","4":"has-post-thumbnail","6":"product_cat-tabletas-y-capsulas","7":"product_cat-suplementosy-vitaminas","9":"first","10":"instock","11":"sale","12":"shipping-taxable","13":"purchasable","14":"product-type-simple"},"_links":{"self":[{"href":"https:\/\/rapifarma.shop\/en\/wp-json\/wp\/v2\/product\/6771","targetHints":{"allow":["GET"]}}],"collection":[{"href":"https:\/\/rapifarma.shop\/en\/wp-json\/wp\/v2\/product"}],"about":[{"href":"https:\/\/rapifarma.shop\/en\/wp-json\/wp\/v2\/types\/product"}],"replies":[{"embeddable":true,"href":"https:\/\/rapifarma.shop\/en\/wp-json\/wp\/v2\/comments?post=6771"}],"wp:featuredmedia":[{"embeddable":true,"href":"https:\/\/rapifarma.shop\/en\/wp-json\/wp\/v2\/media\/7323"}],"wp:attachment":[{"href":"https:\/\/rapifarma.shop\/en\/wp-json\/wp\/v2\/media?parent=6771"}],"wp:term":[{"taxonomy":"product_brand","embeddable":true,"href":"https:\/\/rapifarma.shop\/en\/wp-json\/wp\/v2\/product_brand?post=6771"},{"taxonomy":"product_cat","embeddable":true,"href":"https:\/\/rapifarma.shop\/en\/wp-json\/wp\/v2\/product_cat?post=6771"},{"taxonomy":"product_tag","embeddable":true,"href":"https:\/\/rapifarma.shop\/en\/wp-json\/wp\/v2\/product_tag?post=6771"}],"curies":[{"name":"wp","href":"https:\/\/api.w.org\/{rel}","templated":true}]}}