{"id":5593,"date":"2025-04-04T23:39:13","date_gmt":"2025-04-04T23:39:13","guid":{"rendered":"https:\/\/rapifarma.shop\/?page_id=5593"},"modified":"2025-11-06T03:32:21","modified_gmt":"2025-11-06T03:32:21","slug":"preguntas-frecuentes","status":"publish","type":"page","link":"https:\/\/rapifarma.shop\/en\/preguntas-frecuentes\/","title":{"rendered":"Frequently Questions"},"content":{"rendered":"<div class=\"uagb-faq-content\">\n<p><strong>\u2013 What payment methods are accepted?<\/strong><\/p>\n<ul>\n<li>Pagos a trav\u00e9s de tarjetas de D\u00e9bito y Cr\u00e9dito VISA, MASTERCARD Y AMERICAN EXPRESS y saldo en la plataforma TROPIPAY.<\/li>\n<\/ul>\n<p><strong>How does the warranty apply?<\/strong><\/p>\n<ul>\n<li>En correspondencia al producto que adquiera, recibir\u00e1 al momento de la entrega un CERTIFICADO DE GARANT\u00cdA con t\u00e9rminos y condiciones a cumplir. Si durante el periodo de garant\u00eda su producto presenta alg\u00fan problema o defecto de fabricaci\u00f3n deber\u00e1 comunicarse con RAPIFARMA a trav\u00e9s de los contactos que aparecen en la web.<\/li>\n<\/ul>\n<p><strong>How can I buy?<\/strong><\/p>\n<ul>\n<li>All purchases are made online at our website rapifarma.shop. Select the products, add them to your cart, and proceed to checkout. We do not accept phone orders.<\/li>\n<\/ul>\n<p><strong>Can I pay in cash when I receive the products?<\/strong><\/p>\n<ul>\n<li>We do not accept cash payments. The entire transaction is completed online at the time of purchase.<\/li>\n<\/ul>\n<p><strong>Does the beneficiary of the purchase have to pay anything?<\/strong><\/p>\n<ul>\n<li>No, the beneficiary does not have to make any payment.<\/li>\n<\/ul>\n<p><strong>How does the beneficiary know when their order will be ready?<\/strong><\/p>\n<ul>\n<li>Enviamos un mensaje v\u00eda WhatsApp o llamamos a su beneficiario una vez que usted realice el pedido para confirmar sus datos para la entrega. A partir de ese momento debe contar con que la orden estar\u00e1 lista en el tiempo estimado seg\u00fan el producto que haya comprado. Esta informaci\u00f3n puede encontrarla durante su proceso de compra y luego en el correo de Confirmaci\u00f3n de su orden.<\/li>\n<\/ul>\n<p><strong>I'm making a purchase and my card was declined. What should I do?<\/strong><\/p>\n<ul>\n<li>If your card was declined, without specifying the reason, you should consult with your bank. If they confirm that you have no problems, and you still cannot purchase on our site, we suggest using another card.<\/li>\n<\/ul>\n<p><strong>I placed an order and didn't receive the Confirmation email.<\/strong><\/p>\n<ul>\n<li>Puede suceder por varios motivos, el m\u00e1s com\u00fan est\u00e1 relacionado con errores tipogr\u00e1ficos al escribir su correo electr\u00f3nico antes de pagar. Si realiz\u00f3 una orden y cree que no recibi\u00f3 el email de confirmaci\u00f3n, le sugerimos revisar su Bandea de SPAM en su cliente de correo electr\u00f3nico. Si aun as\u00ed, no encuentra su correo, por favor comun\u00edquese con RAPIFARMA a trav\u00e9s de los contactos que aparecen en la web.<\/li>\n<li>Send us your first and last name, email address, amount, and the last four digits of the card you used. Please make sure your order is charged on your card. Otherwise, we suggest repeating the purchase.<\/li>\n<\/ul>\n<p>\u00a0<\/p>\n<\/div>","protected":false},"excerpt":{"rendered":"","protected":false},"author":1,"featured_media":0,"parent":0,"menu_order":0,"comment_status":"closed","ping_status":"closed","template":"page-blank-title-center.php","meta":{"footnotes":""},"class_list":["post-5593","page","type-page","status-publish","hentry"],"_links":{"self":[{"href":"https:\/\/rapifarma.shop\/en\/wp-json\/wp\/v2\/pages\/5593","targetHints":{"allow":["GET"]}}],"collection":[{"href":"https:\/\/rapifarma.shop\/en\/wp-json\/wp\/v2\/pages"}],"about":[{"href":"https:\/\/rapifarma.shop\/en\/wp-json\/wp\/v2\/types\/page"}],"author":[{"embeddable":true,"href":"https:\/\/rapifarma.shop\/en\/wp-json\/wp\/v2\/users\/1"}],"replies":[{"embeddable":true,"href":"https:\/\/rapifarma.shop\/en\/wp-json\/wp\/v2\/comments?post=5593"}],"version-history":[{"count":1,"href":"https:\/\/rapifarma.shop\/en\/wp-json\/wp\/v2\/pages\/5593\/revisions"}],"predecessor-version":[{"id":7575,"href":"https:\/\/rapifarma.shop\/en\/wp-json\/wp\/v2\/pages\/5593\/revisions\/7575"}],"wp:attachment":[{"href":"https:\/\/rapifarma.shop\/en\/wp-json\/wp\/v2\/media?parent=5593"}],"curies":[{"name":"wp","href":"https:\/\/api.w.org\/{rel}","templated":true}]}}